{"id":789,"date":"2024-01-29T18:14:40","date_gmt":"2024-01-29T18:14:40","guid":{"rendered":"https:\/\/carvoeirotours.com\/contactos\/"},"modified":"2024-01-31T11:57:08","modified_gmt":"2024-01-31T11:57:08","slug":"kontakte","status":"publish","type":"page","link":"https:\/\/carvoeirotours.com\/de\/kontakte\/","title":{"rendered":"Kontakte"},"content":{"rendered":"<div class=\"wpb-content-wrapper\"><p>[vc_row][vc_column]<div class=\"porto-sicon-box  wpb_custom_6bd3ea43243bb56571d580d187f8d1d7 style_1 top-icon\"><div class=\"porto-sicon-top\"><div id=\"porto-icon-1441295856a04de5fbf6d2\" class=\"porto-just-icon-wrapper porto-sicon-img\" style=\"font-size: 44px;\"><img loading=\"lazy\" decoding=\"async\" class=\"img-icon\" alt=\"\" src=\"https:\/\/carvoeirotours.com\/wp-content\/uploads\/2024\/01\/ancora.svg\" width=\"44\" height=\"50\" \/><\/div><\/div><div class=\"porto-sicon-header\"><h1 class=\"porto-sicon-title\" style=\"\">Kontakte<\/h1><\/div> <!-- header --><\/div><!-- porto-sicon-box -->[\/vc_column][\/vc_row][vc_row wrap_container=&#8220;yes&#8220; css=&#8220;.vc_custom_1706604358069{margin-top: 50px !important;}&#8220; conditional_render=&#8220;%5B%7B%22value_role%22%3A%22administrator%22%7D%5D&#8220;][vc_column width=&#8220;1\/2&#8243;]<div class=\"porto-sicon-box  vc_custom_1706702129443  wpb_custom_bf3bc7877220590b2ee942acc8425ca2 style_1 top-icon\"><div class=\"porto-sicon-header\"><h3 class=\"porto-sicon-title\" style=\"\">Haben Sie Fragen? Schreiben Sie Uns.<\/h3><\/div> <!-- header --><div class=\"porto-sicon-description\" style=\"\">Reservierungen per E-Mail sind nur g\u00fcltig nach Erhalt einer Best\u00e4tigung durch <strong>Carvoeiro Tours<\/strong> per E-Mail.<\/p>\n<p>Reservierungen per Telefon m\u00fcssen durch pers\u00f6nliche Anwesenheit an unserem Ticket Shop bis 20 Minute vor Beginn der Tour best\u00e4tigt werden. Andernfalls verf\u00e4llt die Reservierung.<\/div> <!-- description --><\/div><!-- porto-sicon-box --><div class=\"porto-sicon-box  vc_custom_1706702164778  wpb_custom_bf3bc7877220590b2ee942acc8425ca2 style_1 top-icon\"><div class=\"porto-sicon-top\"><div class=\"porto-just-icon-wrapper porto-icon none\" style=\"color:#b9121b;font-size:35px;\"><i class=\"far fa-clock\"><\/i><\/div><\/div><div class=\"porto-sicon-header\"><h3 class=\"porto-sicon-title\" style=\"\">Unsere \u00d6ffnungszeite<\/h3><\/div> <!-- header --><div class=\"porto-sicon-description\" style=\"\"><strong>Montag bis Sonntag:<\/strong> 9.00h &#8211; 19.00h<br \/>\n<strong>Im Winter (Oktober \u2013 M\u00e4rz)<\/strong> von 10.00h bis 16.30h<br \/>\n<strong>Im Sommer (April \u2013 September)<\/strong> von 9.00h bis 19.00h<\/div> <!-- description --><\/div><!-- porto-sicon-box --><div class=\"porto-sicon-box  vc_custom_1706702184730  wpb_custom_bf3bc7877220590b2ee942acc8425ca2 style_1 top-icon\"><div class=\"porto-sicon-top\"><div class=\"porto-just-icon-wrapper porto-icon none\" style=\"color:#b9121b;font-size:35px;\"><i class=\"fas fa-map-marker-alt\"><\/i><\/div><\/div><div class=\"porto-sicon-header\"><h3 class=\"porto-sicon-title\" style=\"\">Standort und Kontakte<\/h3><\/div> <!-- header --><div class=\"porto-sicon-description\" style=\"\">Carvoeiro<\/p>\n<p><a href=\"tel:+351932314453\">+351 932 314 453<\/a><br \/>\n<span style=\"font-size: 12px;\">Kosten f\u00fcr Anrufe in das nationale Mobilfunknetz<\/span><\/p>\n<p><a class=\"mail\" href=\"mailto:carvoeirotours@gmail.com\">carvoeirotours@gmail.com<\/a><\/div> <!-- description --><\/div><!-- porto-sicon-box --><div class=\"share-links wpb_custom_23854b10e16c74a333aec29b9d000468\">\t\t<a target=\"_blank\"  rel=\"nofollow noopener noreferrer\" class=\"share-facebook\" href=\"https:\/\/www.facebook.com\/carvoeirotours\/\" title=\"Facebook\"><\/a>\r\n\t\t\t\t<a target=\"_blank\"  rel=\"nofollow noopener noreferrer\" class=\"share-instagram\" href=\"https:\/\/www.instagram.com\/carvoeiro_tours\/\" title=\"Instagram\"><\/a>\r\n\t\t<\/div>[\/vc_column][vc_column width=&#8220;1\/2&#8243;]<div class=\"wpforms-container wpforms-container-full wpforms-render-modern\" id=\"wpforms-301\"><form id=\"wpforms-form-301\" class=\"wpforms-validate wpforms-form wpforms-ajax-form\" data-formid=\"301\" method=\"post\" enctype=\"multipart\/form-data\" action=\"\/de\/wp-json\/wp\/v2\/pages\/789\" data-token=\"54ca533437ad9919d451039a351ce567\"><noscript class=\"wpforms-error-noscript\">Bitte aktiviere JavaScript in deinem Browser, um dieses Formular fertigzustellen.<\/noscript><div class=\"wpforms-hidden\" id=\"wpforms-error-noscript\">Bitte aktiviere JavaScript in deinem Browser, um dieses Formular fertigzustellen.<\/div><div class=\"wpforms-field-container\"><div id=\"wpforms-301-field_1-container\" class=\"wpforms-field wpforms-field-name\" data-field-id=\"1\"><label class=\"wpforms-field-label\" for=\"wpforms-301-field_1\">Name <span class=\"wpforms-required-label\" aria-hidden=\"true\">*<\/span><\/label><input type=\"text\" id=\"wpforms-301-field_1\" class=\"wpforms-field-large wpforms-field-required\" name=\"wpforms[fields][1]\" aria-errormessage=\"wpforms-301-field_1-error\" required><\/div><div id=\"wpforms-301-field_2-container\" class=\"wpforms-field wpforms-field-email\" data-field-id=\"2\"><label class=\"wpforms-field-label\" for=\"wpforms-301-field_2\">Email <span class=\"wpforms-required-label\" aria-hidden=\"true\">*<\/span><\/label><input type=\"email\" id=\"wpforms-301-field_2\" class=\"wpforms-field-large wpforms-field-required\" name=\"wpforms[fields][2]\" spellcheck=\"false\" aria-errormessage=\"wpforms-301-field_2-error\" required><\/div><div id=\"wpforms-301-field_3-container\" class=\"wpforms-field wpforms-field-phone\" data-field-id=\"3\"><label class=\"wpforms-field-label\" for=\"wpforms-301-field_3\">Mobiltelefon <span class=\"wpforms-required-label\" aria-hidden=\"true\">*<\/span><\/label><input type=\"tel\" id=\"wpforms-301-field_3\" class=\"wpforms-field-large wpforms-field-required wpforms-smart-phone-field\" data-rule-smart-phone-field=\"true\" name=\"wpforms[fields][3]\" aria-errormessage=\"wpforms-301-field_3-error\" required><\/div><div id=\"wpforms-301-field_4-container\" class=\"wpforms-field wpforms-field-textarea\" data-field-id=\"4\"><label class=\"wpforms-field-label\" for=\"wpforms-301-field_4\">Nachricht<\/label><textarea id=\"wpforms-301-field_4\" class=\"wpforms-field-large\" name=\"wpforms[fields][4]\" aria-errormessage=\"wpforms-301-field_4-error\" ><\/textarea><\/div><div id=\"wpforms-301-field_5-container\" class=\"wpforms-field wpforms-field-gdpr-checkbox\" data-field-id=\"5\"><label class=\"wpforms-field-label\" for=\"wpforms-301-field_5\">GDPR-Vereinbarung <span class=\"wpforms-required-label\" aria-hidden=\"true\">*<\/span><\/label><ul id=\"wpforms-301-field_5\" class=\"wpforms-field-required\"><li class=\"choice-1\"><input type=\"checkbox\" id=\"wpforms-301-field_5_1\" name=\"wpforms[fields][5][]\" value=\"Ich erkl\u00e4re mich damit einverstanden, dass Carvoeiro Tours meine Fragen beantwortet und mir Informationen \u00fcber seine Produkte und Dienstleistungen zusendet\" aria-errormessage=\"wpforms-301-field_5_1-error\" required ><label class=\"wpforms-field-label-inline\" for=\"wpforms-301-field_5_1\">Ich erkl\u00e4re mich damit einverstanden, dass Carvoeiro Tours meine Fragen beantwortet und mir Informationen \u00fcber seine Produkte und Dienstleistungen zusendet<\/label><\/li><\/ul><\/div><\/div><!-- .wpforms-field-container --><div class=\"wpforms-recaptcha-container wpforms-is-recaptcha wpforms-is-recaptcha-type-invisible\" ><div class=\"g-recaptcha\" data-sitekey=\"6Lfo6V8pAAAAADqxoNagjqLY6c7JW3X8Tq1pI7gC\" data-size=\"invisible\"><\/div><\/div><div class=\"wpforms-submit-container\" ><input type=\"hidden\" name=\"wpforms[id]\" value=\"301\"><input type=\"hidden\" name=\"wpforms[author]\" value=\"1\"><button type=\"submit\" name=\"wpforms[submit]\" id=\"wpforms-submit-301\" class=\"wpforms-submit\" data-alt-text=\"Senden...\" data-submit-text=\"Senden\" aria-live=\"assertive\" value=\"wpforms-submit\">Senden<\/button><img loading=\"lazy\" decoding=\"async\" src=\"https:\/\/carvoeirotours.com\/wp-content\/plugins\/wpforms\/assets\/images\/submit-spin.svg\" class=\"wpforms-submit-spinner\" style=\"display: none;\" width=\"26\" height=\"26\" alt=\"Wird geladen\"><\/div><\/form><\/div>  <!-- .wpforms-container -->[\/vc_column][\/vc_row][vc_row full_width=&#8220;stretch_row&#8220; css=&#8220;.vc_custom_1706604223866{margin-top: 50px !important;padding-top: 25px !important;padding-bottom: 25px !important;}&#8220; conditional_render=&#8220;%5B%7B%22value_role%22%3A%22administrator%22%7D%5D&#8220;][vc_column width=&#8220;1\/2&#8243;][vc_column_text css=&#8220;.vc_custom_1706702203497{margin-bottom: 25px !important;}&#8220;]<span style=\"color: #b9121b;\"><strong>DATENSCHUTZ<\/strong><\/span><br \/>\n<strong>Carvoeiro Tours<\/strong> verpflichtet sich, Ihre aus dem Kontakt-Formular hervorgehenden, pers\u00f6nlichen Daten ausschlie\u00dflich im Zusammenhang mit der Beantwortung Ihrer Anfrage zu verwenden und zu keinem anderen Zweck, sowie zur \u00c4nderung oder L\u00f6schung Ihrer mit dem \u00dcbersenden des Kontakt-Formulars verbundenen Daten aus unserer Datenbank, falls Sie dies w\u00fcnschen.[\/vc_column_text][\/vc_column][vc_column width=&#8220;1\/2&#8243;][vc_column_text css=&#8220;.vc_custom_1706702226136{margin-bottom: 25px !important;}&#8220;]<span style=\"color: #b9121b;\"><strong>EINVERST\u00c4NDNIS-ERKL\u00c4RUNG<\/strong><\/span><br \/>\nDer Nutzer stimmt der Verarbeitung seiner im Kontaktformular enthaltenen personenbezogenen Daten, einschlie\u00dflich der Registrierung und digitalen Speicherung zu, so lange diese notwendig ist. Mit dem Ausf\u00fcllen dieses Formulars erm\u00e4chtigt der Nutzer <strong>Carvoeiro Tours<\/strong>, seine personenbezogenen Daten zu speichern und f\u00fcr Zwecke im Zusammenhang mit seiner Nachricht zu verwenden.[\/vc_column_text][\/vc_column][\/vc_row][vc_row css=&#8220;.vc_custom_1706603822524{margin-top: 50px !important;}&#8220; conditional_render=&#8220;%5B%7B%22value_role%22%3A%22administrator%22%7D%5D&#8220;][vc_column][vc_raw_html]JTNDaWZyYW1lJTIwc3JjJTNEJTIyaHR0cHMlM0ElMkYlMkZ3d3cuZ29vZ2xlLmNvbSUyRm1hcHMlMkZlbWJlZCUzRnBiJTNEJTIxMW0xOCUyMTFtMTIlMjExbTMlMjExZDMxODIuMzUzNTk2MDMwNjczJTIxMmQtOC40NzM2NTU1MjM2OTMyNzElMjEzZDM3LjA5NjY5OTY1MDkyODk1JTIxMm0zJTIxMWYwJTIxMmYwJTIxM2YwJTIxM20yJTIxMWkxMDI0JTIxMmk3NjglMjE0ZjEzLjElMjEzbTMlMjExbTIlMjExczB4ZDFhZDcwMjNjODljNTdmJTI1M0EweGRmOTRlNGIwNWM1MDBiMyUyMTJzQ2Fydm9laXJvJTI1MjBUb3VycyUyMTVlMCUyMTNtMiUyMTFzcHQtUFQlMjEyc3B0JTIxNHYxNzA2NjAzNzkwMDUzJTIxNW0yJTIxMXNwdC1QVCUyMTJzcHQlMjIlMjB3aWR0aCUzRCUyMjEwMCUyNSUyMiUyMGhlaWdodCUzRCUyMjQ1MCUyMiUyMHN0eWxlJTNEJTIyYm9yZGVyJTNBMCUzQiUyMiUyMGFsbG93ZnVsbHNjcmVlbiUzRCUyMiUyMiUyMGxvYWRpbmclM0QlMjJsYXp5JTIyJTIwcmVmZXJyZXJwb2xpY3klM0QlMjJuby1yZWZlcnJlci13aGVuLWRvd25ncmFkZSUyMiUzRSUzQyUyRmlmcmFtZSUzRQ==[\/vc_raw_html][\/vc_column][\/vc_row]<\/p>\n<\/div>","protected":false},"excerpt":{"rendered":"<p>[vc_row][vc_column][\/vc_column][\/vc_row][vc_row wrap_container=&#8220;yes&#8220; css=&#8220;.vc_custom_1706604358069{margin-top: 50px !important;}&#8220; conditional_render=&#8220;%5B%7B%22value_role%22%3A%22administrator%22%7D%5D&#8220;][vc_column width=&#8220;1\/2&#8243;][\/vc_column][vc_column width=&#8220;1\/2&#8243;][\/vc_column][\/vc_row][vc_row full_width=&#8220;stretch_row&#8220; css=&#8220;.vc_custom_1706604223866{margin-top: 50px !important;padding-top: 25px !important;padding-bottom: 25px !important;}&#8220; conditional_render=&#8220;%5B%7B%22value_role%22%3A%22administrator%22%7D%5D&#8220;][vc_column width=&#8220;1\/2&#8243;][vc_column_text css=&#8220;.vc_custom_1706702203497{margin-bottom: 25px !important;}&#8220;]DATENSCHUTZ Carvoeiro Tours verpflichtet sich, Ihre aus dem Kontakt-Formular hervorgehenden, pers\u00f6nlichen Daten ausschlie\u00dflich im Zusammenhang mit der Beantwortung Ihrer Anfrage zu verwenden und zu keinem anderen Zweck, sowie zur \u00c4nderung oder L\u00f6schung Ihrer mit dem [&hellip;]<\/p>\n","protected":false},"author":1,"featured_media":0,"parent":0,"menu_order":0,"comment_status":"closed","ping_status":"closed","template":"","meta":{"inline_featured_image":false,"footnotes":""},"class_list":["post-789","page","type-page","status-publish","hentry"],"yoast_head":"<!-- This site is optimized with the Yoast SEO plugin v21.9.1 - https:\/\/yoast.com\/wordpress\/plugins\/seo\/ -->\n<title>Kontakte - Carvoeiro Tours<\/title>\n<meta name=\"robots\" content=\"index, follow, max-snippet:-1, max-image-preview:large, max-video-preview:-1\" \/>\n<link rel=\"canonical\" href=\"https:\/\/carvoeirotours.com\/de\/kontakte\/\" \/>\n<meta property=\"og:locale\" content=\"de_DE\" \/>\n<meta property=\"og:type\" content=\"article\" \/>\n<meta property=\"og:title\" content=\"Kontakte - Carvoeiro Tours\" \/>\n<meta property=\"og:description\" content=\"[vc_row][vc_column][\/vc_column][\/vc_row][vc_row wrap_container=&#8220;yes&#8220; css=&#8220;.vc_custom_1706604358069{margin-top: 50px !important;}&#8220; conditional_render=&#8220;%5B%7B%22value_role%22%3A%22administrator%22%7D%5D&#8220;][vc_column width=&#8220;1\/2&#8243;][\/vc_column][vc_column width=&#8220;1\/2&#8243;][\/vc_column][\/vc_row][vc_row full_width=&#8220;stretch_row&#8220; css=&#8220;.vc_custom_1706604223866{margin-top: 50px !important;padding-top: 25px !important;padding-bottom: 25px !important;}&#8220; conditional_render=&#8220;%5B%7B%22value_role%22%3A%22administrator%22%7D%5D&#8220;][vc_column width=&#8220;1\/2&#8243;][vc_column_text css=&#8220;.vc_custom_1706702203497{margin-bottom: 25px !important;}&#8220;]DATENSCHUTZ Carvoeiro Tours verpflichtet sich, Ihre aus dem Kontakt-Formular hervorgehenden, pers\u00f6nlichen Daten ausschlie\u00dflich im Zusammenhang mit der Beantwortung Ihrer Anfrage zu verwenden und zu keinem anderen Zweck, sowie zur \u00c4nderung oder L\u00f6schung Ihrer mit dem [&hellip;]\" \/>\n<meta property=\"og:url\" content=\"https:\/\/carvoeirotours.com\/de\/kontakte\/\" \/>\n<meta property=\"og:site_name\" content=\"Carvoeiro Tours\" \/>\n<meta property=\"article:publisher\" content=\"https:\/\/www.facebook.com\/carvoeirotours\/\" \/>\n<meta property=\"article:modified_time\" content=\"2024-01-31T11:57:08+00:00\" \/>\n<meta name=\"twitter:card\" content=\"summary_large_image\" \/>\n<meta name=\"twitter:label1\" content=\"Gesch\u00e4tzte Lesezeit\" \/>\n\t<meta name=\"twitter:data1\" content=\"3\u00a0Minuten\" \/>\n<script type=\"application\/ld+json\" class=\"yoast-schema-graph\">{\"@context\":\"https:\/\/schema.org\",\"@graph\":[{\"@type\":\"WebPage\",\"@id\":\"https:\/\/carvoeirotours.com\/de\/kontakte\/\",\"url\":\"https:\/\/carvoeirotours.com\/de\/kontakte\/\",\"name\":\"Kontakte - Carvoeiro Tours\",\"isPartOf\":{\"@id\":\"https:\/\/carvoeirotours.com\/de\/#website\"},\"datePublished\":\"2024-01-29T18:14:40+00:00\",\"dateModified\":\"2024-01-31T11:57:08+00:00\",\"breadcrumb\":{\"@id\":\"https:\/\/carvoeirotours.com\/de\/kontakte\/#breadcrumb\"},\"inLanguage\":\"de\",\"potentialAction\":[{\"@type\":\"ReadAction\",\"target\":[\"https:\/\/carvoeirotours.com\/de\/kontakte\/\"]}]},{\"@type\":\"BreadcrumbList\",\"@id\":\"https:\/\/carvoeirotours.com\/de\/kontakte\/#breadcrumb\",\"itemListElement\":[{\"@type\":\"ListItem\",\"position\":1,\"name\":\"In\u00edcio\",\"item\":\"https:\/\/carvoeirotours.com\/de\/\"},{\"@type\":\"ListItem\",\"position\":2,\"name\":\"Kontakte\"}]},{\"@type\":\"WebSite\",\"@id\":\"https:\/\/carvoeirotours.com\/de\/#website\",\"url\":\"https:\/\/carvoeirotours.com\/de\/\",\"name\":\"Carvoeiro Tours\",\"description\":\"\",\"publisher\":{\"@id\":\"https:\/\/carvoeirotours.com\/de\/#organization\"},\"potentialAction\":[{\"@type\":\"SearchAction\",\"target\":{\"@type\":\"EntryPoint\",\"urlTemplate\":\"https:\/\/carvoeirotours.com\/de\/?s={search_term_string}\"},\"query-input\":\"required name=search_term_string\"}],\"inLanguage\":\"de\"},{\"@type\":[\"Organization\",\"Place\"],\"@id\":\"https:\/\/carvoeirotours.com\/de\/#organization\",\"name\":\"Carvoeiro Tours\",\"url\":\"https:\/\/carvoeirotours.com\/de\/\",\"logo\":{\"@id\":\"https:\/\/carvoeirotours.com\/de\/kontakte\/#local-main-organization-logo\"},\"image\":{\"@id\":\"https:\/\/carvoeirotours.com\/de\/kontakte\/#local-main-organization-logo\"},\"sameAs\":[\"https:\/\/www.facebook.com\/carvoeirotours\/\",\"https:\/\/www.instagram.com\/carvoeiro_tours\/\",\"https:\/\/www.tripadvisor.pt\/Attraction_Review-g189115-d17413280-Reviews-CarvoeiroTours-Carvoeiro_Faro_District_Algarve.html\"],\"openingHoursSpecification\":[{\"@type\":\"OpeningHoursSpecification\",\"dayOfWeek\":[\"Monday\",\"Tuesday\",\"Wednesday\",\"Thursday\",\"Friday\",\"Saturday\",\"Sunday\"],\"opens\":\"09:00\",\"closes\":\"17:00\"}]},{\"@type\":\"ImageObject\",\"inLanguage\":\"de\",\"@id\":\"https:\/\/carvoeirotours.com\/de\/kontakte\/#local-main-organization-logo\",\"url\":\"https:\/\/carvoeirotours.com\/wp-content\/uploads\/2024\/01\/logo-footer.png\",\"contentUrl\":\"https:\/\/carvoeirotours.com\/wp-content\/uploads\/2024\/01\/logo-footer.png\",\"width\":250,\"height\":123,\"caption\":\"Carvoeiro Tours\"}]}<\/script>\n<!-- \/ Yoast SEO plugin. -->","yoast_head_json":{"title":"Kontakte - Carvoeiro Tours","robots":{"index":"index","follow":"follow","max-snippet":"max-snippet:-1","max-image-preview":"max-image-preview:large","max-video-preview":"max-video-preview:-1"},"canonical":"https:\/\/carvoeirotours.com\/de\/kontakte\/","og_locale":"de_DE","og_type":"article","og_title":"Kontakte - Carvoeiro Tours","og_description":"[vc_row][vc_column][\/vc_column][\/vc_row][vc_row wrap_container=&#8220;yes&#8220; css=&#8220;.vc_custom_1706604358069{margin-top: 50px !important;}&#8220; conditional_render=&#8220;%5B%7B%22value_role%22%3A%22administrator%22%7D%5D&#8220;][vc_column width=&#8220;1\/2&#8243;][\/vc_column][vc_column width=&#8220;1\/2&#8243;][\/vc_column][\/vc_row][vc_row full_width=&#8220;stretch_row&#8220; css=&#8220;.vc_custom_1706604223866{margin-top: 50px !important;padding-top: 25px !important;padding-bottom: 25px !important;}&#8220; conditional_render=&#8220;%5B%7B%22value_role%22%3A%22administrator%22%7D%5D&#8220;][vc_column width=&#8220;1\/2&#8243;][vc_column_text css=&#8220;.vc_custom_1706702203497{margin-bottom: 25px !important;}&#8220;]DATENSCHUTZ Carvoeiro Tours verpflichtet sich, Ihre aus dem Kontakt-Formular hervorgehenden, pers\u00f6nlichen Daten ausschlie\u00dflich im Zusammenhang mit der Beantwortung Ihrer Anfrage zu verwenden und zu keinem anderen Zweck, sowie zur \u00c4nderung oder L\u00f6schung Ihrer mit dem [&hellip;]","og_url":"https:\/\/carvoeirotours.com\/de\/kontakte\/","og_site_name":"Carvoeiro Tours","article_publisher":"https:\/\/www.facebook.com\/carvoeirotours\/","article_modified_time":"2024-01-31T11:57:08+00:00","twitter_card":"summary_large_image","twitter_misc":{"Gesch\u00e4tzte Lesezeit":"3\u00a0Minuten"},"schema":{"@context":"https:\/\/schema.org","@graph":[{"@type":"WebPage","@id":"https:\/\/carvoeirotours.com\/de\/kontakte\/","url":"https:\/\/carvoeirotours.com\/de\/kontakte\/","name":"Kontakte - Carvoeiro Tours","isPartOf":{"@id":"https:\/\/carvoeirotours.com\/de\/#website"},"datePublished":"2024-01-29T18:14:40+00:00","dateModified":"2024-01-31T11:57:08+00:00","breadcrumb":{"@id":"https:\/\/carvoeirotours.com\/de\/kontakte\/#breadcrumb"},"inLanguage":"de","potentialAction":[{"@type":"ReadAction","target":["https:\/\/carvoeirotours.com\/de\/kontakte\/"]}]},{"@type":"BreadcrumbList","@id":"https:\/\/carvoeirotours.com\/de\/kontakte\/#breadcrumb","itemListElement":[{"@type":"ListItem","position":1,"name":"In\u00edcio","item":"https:\/\/carvoeirotours.com\/de\/"},{"@type":"ListItem","position":2,"name":"Kontakte"}]},{"@type":"WebSite","@id":"https:\/\/carvoeirotours.com\/de\/#website","url":"https:\/\/carvoeirotours.com\/de\/","name":"Carvoeiro Tours","description":"","publisher":{"@id":"https:\/\/carvoeirotours.com\/de\/#organization"},"potentialAction":[{"@type":"SearchAction","target":{"@type":"EntryPoint","urlTemplate":"https:\/\/carvoeirotours.com\/de\/?s={search_term_string}"},"query-input":"required name=search_term_string"}],"inLanguage":"de"},{"@type":["Organization","Place"],"@id":"https:\/\/carvoeirotours.com\/de\/#organization","name":"Carvoeiro Tours","url":"https:\/\/carvoeirotours.com\/de\/","logo":{"@id":"https:\/\/carvoeirotours.com\/de\/kontakte\/#local-main-organization-logo"},"image":{"@id":"https:\/\/carvoeirotours.com\/de\/kontakte\/#local-main-organization-logo"},"sameAs":["https:\/\/www.facebook.com\/carvoeirotours\/","https:\/\/www.instagram.com\/carvoeiro_tours\/","https:\/\/www.tripadvisor.pt\/Attraction_Review-g189115-d17413280-Reviews-CarvoeiroTours-Carvoeiro_Faro_District_Algarve.html"],"openingHoursSpecification":[{"@type":"OpeningHoursSpecification","dayOfWeek":["Monday","Tuesday","Wednesday","Thursday","Friday","Saturday","Sunday"],"opens":"09:00","closes":"17:00"}]},{"@type":"ImageObject","inLanguage":"de","@id":"https:\/\/carvoeirotours.com\/de\/kontakte\/#local-main-organization-logo","url":"https:\/\/carvoeirotours.com\/wp-content\/uploads\/2024\/01\/logo-footer.png","contentUrl":"https:\/\/carvoeirotours.com\/wp-content\/uploads\/2024\/01\/logo-footer.png","width":250,"height":123,"caption":"Carvoeiro Tours"}]}},"_links":{"self":[{"href":"https:\/\/carvoeirotours.com\/de\/wp-json\/wp\/v2\/pages\/789","targetHints":{"allow":["GET"]}}],"collection":[{"href":"https:\/\/carvoeirotours.com\/de\/wp-json\/wp\/v2\/pages"}],"about":[{"href":"https:\/\/carvoeirotours.com\/de\/wp-json\/wp\/v2\/types\/page"}],"author":[{"embeddable":true,"href":"https:\/\/carvoeirotours.com\/de\/wp-json\/wp\/v2\/users\/1"}],"replies":[{"embeddable":true,"href":"https:\/\/carvoeirotours.com\/de\/wp-json\/wp\/v2\/comments?post=789"}],"version-history":[{"count":0,"href":"https:\/\/carvoeirotours.com\/de\/wp-json\/wp\/v2\/pages\/789\/revisions"}],"wp:attachment":[{"href":"https:\/\/carvoeirotours.com\/de\/wp-json\/wp\/v2\/media?parent=789"}],"curies":[{"name":"wp","href":"https:\/\/api.w.org\/{rel}","templated":true}]}}