{"id":783,"date":"2024-01-29T18:14:40","date_gmt":"2024-01-29T18:14:40","guid":{"rendered":"https:\/\/carvoeirotours.com\/contacts\/"},"modified":"2024-01-31T12:53:03","modified_gmt":"2024-01-31T12:53:03","slug":"contactez-nous","status":"publish","type":"page","link":"https:\/\/carvoeirotours.com\/fr\/contactez-nous\/","title":{"rendered":"Contactez-Nous"},"content":{"rendered":"<div class=\"wpb-content-wrapper\"><p>[vc_row][vc_column]<div class=\"porto-sicon-box  wpb_custom_6bd3ea43243bb56571d580d187f8d1d7 style_1 top-icon\"><div class=\"porto-sicon-top\"><div id=\"porto-icon-4905240246a0879b3c74d1\" class=\"porto-just-icon-wrapper porto-sicon-img\" style=\"font-size: 44px;\"><img loading=\"lazy\" decoding=\"async\" class=\"img-icon\" alt=\"\" src=\"https:\/\/carvoeirotours.com\/wp-content\/uploads\/2024\/01\/ancora.svg\" width=\"44\" height=\"50\" \/><\/div><\/div><div class=\"porto-sicon-header\"><h1 class=\"porto-sicon-title\" style=\"\">Contactez-Nous<\/h1><\/div> <!-- header --><\/div><!-- porto-sicon-box -->[\/vc_column][\/vc_row][vc_row wrap_container=\u00a0\u00bbyes\u00a0\u00bb css=\u00a0\u00bb.vc_custom_1706604358069{margin-top: 50px !important;}\u00a0\u00bb conditional_render=\u00a0\u00bb%5B%7B%22value_role%22%3A%22administrator%22%7D%5D\u00a0\u00bb][vc_column width=\u00a0\u00bb1\/2&Prime;]<div class=\"porto-sicon-box  vc_custom_1706701835493  wpb_custom_bf3bc7877220590b2ee942acc8425ca2 style_1 top-icon\"><div class=\"porto-sicon-header\"><h3 class=\"porto-sicon-title\" style=\"\">Vous Avez Des Questions Sur Notre Entreprise ? \u00c9crivez-Nous.<\/h3><\/div> <!-- header --><div class=\"porto-sicon-description\" style=\"\">La r\u00e9servation par mail n\u2019est valable qu\u2019apr\u00e8s la r\u00e9ception d\u2019un mail de confirmation de la part de <strong>CarvoeiroTours.<\/strong><\/p>\n<p>La r\u00e9servation par t\u00e9l\u00e9phone doit \u00eatre confirm\u00e9e personnellement jusqu\u2019\u00e0 20 minutes avant le d\u00e9part dans notre Ticket Shop, dans le cas contraire, la r\u00e9servation sera annul\u00e9e.<\/div> <!-- description --><\/div><!-- porto-sicon-box --><div class=\"porto-sicon-box  vc_custom_1706702012789  wpb_custom_bf3bc7877220590b2ee942acc8425ca2 style_1 top-icon\"><div class=\"porto-sicon-top\"><div class=\"porto-just-icon-wrapper porto-icon none\" style=\"color:#b9121b;font-size:35px;\"><i class=\"far fa-clock\"><\/i><\/div><\/div><div class=\"porto-sicon-header\"><h3 class=\"porto-sicon-title\" style=\"\">Notre Horaire<\/h3><\/div> <!-- header --><div class=\"porto-sicon-description\" style=\"\"><strong>Lundi \u00e0 Dimanche:<\/strong> 09h00 &#8211; 19h00<br \/>\n<strong>Hiver (octobre \u2013 mars)<\/strong> de 10h00 \u00e0 16h30<br \/>\n<strong>\u00c9t\u00e9 (avril \u2013 septembre)<\/strong> de 9h00 \u00e0 19h00<\/div> <!-- description --><\/div><!-- porto-sicon-box --><div class=\"porto-sicon-box  vc_custom_1706701893328  wpb_custom_bf3bc7877220590b2ee942acc8425ca2 style_1 top-icon\"><div class=\"porto-sicon-top\"><div class=\"porto-just-icon-wrapper porto-icon none\" style=\"color:#b9121b;font-size:35px;\"><i class=\"fas fa-map-marker-alt\"><\/i><\/div><\/div><div class=\"porto-sicon-header\"><h3 class=\"porto-sicon-title\" style=\"\">Localisation et contacts<\/h3><\/div> <!-- header --><div class=\"porto-sicon-description\" style=\"\">Carvoeiro<\/p>\n<p><a href=\"tel:+351932314453\">+351 932 314 453<\/a><br \/>\n<span style=\"font-size: 12px;\">Co\u00fbt d&rsquo;un appel vers le r\u00e9seau mobile national<\/span><\/p>\n<p><a class=\"mail\" href=\"mailto:carvoeirotours@gmail.com\">carvoeirotours@gmail.com<\/a><\/div> <!-- description --><\/div><!-- porto-sicon-box --><div class=\"share-links wpb_custom_23854b10e16c74a333aec29b9d000468\">\t\t<a target=\"_blank\"  rel=\"nofollow noopener noreferrer\" class=\"share-facebook\" href=\"https:\/\/www.facebook.com\/carvoeirotours\/\" title=\"Facebook\"><\/a>\r\n\t\t\t\t<a target=\"_blank\"  rel=\"nofollow noopener noreferrer\" class=\"share-instagram\" href=\"https:\/\/www.instagram.com\/carvoeiro_tours\/\" title=\"Instagram\"><\/a>\r\n\t\t<\/div>[\/vc_column][vc_column width=\u00a0\u00bb1\/2&Prime;]<div class=\"wpforms-container wpforms-container-full wpforms-render-modern\" id=\"wpforms-301\"><form id=\"wpforms-form-301\" class=\"wpforms-validate wpforms-form wpforms-ajax-form\" data-formid=\"301\" method=\"post\" enctype=\"multipart\/form-data\" action=\"\/fr\/wp-json\/wp\/v2\/pages\/783\" data-token=\"e51406837999cb1a6d57156043f243b2\"><noscript class=\"wpforms-error-noscript\">Veuillez activer JavaScript dans votre navigateur pour remplir ce formulaire.<\/noscript><div class=\"wpforms-hidden\" id=\"wpforms-error-noscript\">Veuillez activer JavaScript dans votre navigateur pour remplir ce formulaire.<\/div><div class=\"wpforms-field-container\"><div id=\"wpforms-301-field_1-container\" class=\"wpforms-field wpforms-field-name\" data-field-id=\"1\"><label class=\"wpforms-field-label\" for=\"wpforms-301-field_1\">Nom <span class=\"wpforms-required-label\" aria-hidden=\"true\">*<\/span><\/label><input type=\"text\" id=\"wpforms-301-field_1\" class=\"wpforms-field-large wpforms-field-required\" name=\"wpforms[fields][1]\" aria-errormessage=\"wpforms-301-field_1-error\" required><\/div><div id=\"wpforms-301-field_2-container\" class=\"wpforms-field wpforms-field-email\" data-field-id=\"2\"><label class=\"wpforms-field-label\" for=\"wpforms-301-field_2\">Email <span class=\"wpforms-required-label\" aria-hidden=\"true\">*<\/span><\/label><input type=\"email\" id=\"wpforms-301-field_2\" class=\"wpforms-field-large wpforms-field-required\" name=\"wpforms[fields][2]\" spellcheck=\"false\" aria-errormessage=\"wpforms-301-field_2-error\" required><\/div><div id=\"wpforms-301-field_3-container\" class=\"wpforms-field wpforms-field-phone\" data-field-id=\"3\"><label class=\"wpforms-field-label\" for=\"wpforms-301-field_3\">Portable <span class=\"wpforms-required-label\" aria-hidden=\"true\">*<\/span><\/label><input type=\"tel\" id=\"wpforms-301-field_3\" class=\"wpforms-field-large wpforms-field-required wpforms-smart-phone-field\" data-rule-smart-phone-field=\"true\" name=\"wpforms[fields][3]\" aria-errormessage=\"wpforms-301-field_3-error\" required><\/div><div id=\"wpforms-301-field_4-container\" class=\"wpforms-field wpforms-field-textarea\" data-field-id=\"4\"><label class=\"wpforms-field-label\" for=\"wpforms-301-field_4\">Message<\/label><textarea id=\"wpforms-301-field_4\" class=\"wpforms-field-large\" name=\"wpforms[fields][4]\" aria-errormessage=\"wpforms-301-field_4-error\" ><\/textarea><\/div><div id=\"wpforms-301-field_5-container\" class=\"wpforms-field wpforms-field-gdpr-checkbox\" data-field-id=\"5\"><label class=\"wpforms-field-label\" for=\"wpforms-301-field_5\">Accord GDPR <span class=\"wpforms-required-label\" aria-hidden=\"true\">*<\/span><\/label><ul id=\"wpforms-301-field_5\" class=\"wpforms-field-required\"><li class=\"choice-1\"><input type=\"checkbox\" id=\"wpforms-301-field_5_1\" name=\"wpforms[fields][5][]\" value=\"J&#039;autorise Carvoeiro Tours \u00e0 r\u00e9pondre \u00e0 mes questions et \u00e0 m&#039;envoyer des informations sur ses produits et services.\" aria-errormessage=\"wpforms-301-field_5_1-error\" required ><label class=\"wpforms-field-label-inline\" for=\"wpforms-301-field_5_1\">J'autorise Carvoeiro Tours \u00e0 r\u00e9pondre \u00e0 mes questions et \u00e0 m'envoyer des informations sur ses produits et services.<\/label><\/li><\/ul><\/div><\/div><!-- .wpforms-field-container --><div class=\"wpforms-recaptcha-container wpforms-is-recaptcha wpforms-is-recaptcha-type-invisible\" ><div class=\"g-recaptcha\" data-sitekey=\"6Lfo6V8pAAAAADqxoNagjqLY6c7JW3X8Tq1pI7gC\" data-size=\"invisible\"><\/div><\/div><div class=\"wpforms-submit-container\" ><input type=\"hidden\" name=\"wpforms[id]\" value=\"301\"><input type=\"hidden\" name=\"wpforms[author]\" value=\"1\"><button type=\"submit\" name=\"wpforms[submit]\" id=\"wpforms-submit-301\" class=\"wpforms-submit\" data-alt-text=\"Envoyer...\" data-submit-text=\"Envoyer\" aria-live=\"assertive\" value=\"wpforms-submit\">Envoyer<\/button><img loading=\"lazy\" decoding=\"async\" src=\"https:\/\/carvoeirotours.com\/wp-content\/plugins\/wpforms\/assets\/images\/submit-spin.svg\" class=\"wpforms-submit-spinner\" style=\"display: none;\" width=\"26\" height=\"26\" alt=\"Chargement en cours\"><\/div><\/form><\/div>  <!-- .wpforms-container -->[\/vc_column][\/vc_row][vc_row full_width=\u00a0\u00bbstretch_row\u00a0\u00bb css=\u00a0\u00bb.vc_custom_1706604223866{margin-top: 50px !important;padding-top: 25px !important;padding-bottom: 25px !important;}\u00a0\u00bb conditional_render=\u00a0\u00bb%5B%7B%22value_role%22%3A%22administrator%22%7D%5D\u00a0\u00bb][vc_column width=\u00a0\u00bb1\/2&Prime;][vc_column_text css=\u00a0\u00bb.vc_custom_1706705581311{margin-bottom: 25px !important;}\u00a0\u00bb]<span style=\"color: #b9121b;\"><strong>UTILISATION DE DONN\u00c9ES PERSONNELLES<\/strong><\/span><br \/>\n<strong>Carvoeiro Tours<\/strong> se compromet \u00e0 n\u2019utiliser exclusivement vos donn\u00e9es personnelles figurant sur le formulaire de contacts qu\u2019\u00e0 des finalit\u00e9s en rapport avec votre message, elle ne les utilisera pas \u00e0 d\u2019autres finalit\u00e9s, et pourra, \u00e0 la demande de l\u2019utilisateur, \u00e0 modifier ou \u00e0 \u00e9liminer de sa banque de donn\u00e9es, les donn\u00e9es personnelles fournies au moment de l\u2019envoi du formulaire.[\/vc_column_text][\/vc_column][vc_column width=\u00a0\u00bb1\/2&Prime;][vc_column_text css=\u00a0\u00bb.vc_custom_1706701954037{margin-bottom: 25px !important;}\u00a0\u00bb]<span style=\"color: #b9121b;\"><strong>DECLARATION DE CONSENTEMENT<\/strong><\/span><br \/>\nL\u2019utilisateur autorise le traitement de ses donn\u00e9es personnelles figurant sur le formulaire de contact, y compris son enregistrement et sa conservation sur une base digitale, pendant le temps n\u00e9cessaire. En remplissant ce formulaire, l\u2019utilisateur autorise <strong>Carvoeiro Tours<\/strong> \u00e0 garder son information personnelle et \u00e0 l\u2019utiliser \u00e0 des finalit\u00e9s en rapport avec son message.[\/vc_column_text][\/vc_column][\/vc_row][vc_row css=\u00a0\u00bb.vc_custom_1706603822524{margin-top: 50px !important;}\u00a0\u00bb conditional_render=\u00a0\u00bb%5B%7B%22value_role%22%3A%22administrator%22%7D%5D\u00a0\u00bb][vc_column][vc_raw_html]JTNDaWZyYW1lJTIwc3JjJTNEJTIyaHR0cHMlM0ElMkYlMkZ3d3cuZ29vZ2xlLmNvbSUyRm1hcHMlMkZlbWJlZCUzRnBiJTNEJTIxMW0xOCUyMTFtMTIlMjExbTMlMjExZDMxODIuMzUzNTk2MDMwNjczJTIxMmQtOC40NzM2NTU1MjM2OTMyNzElMjEzZDM3LjA5NjY5OTY1MDkyODk1JTIxMm0zJTIxMWYwJTIxMmYwJTIxM2YwJTIxM20yJTIxMWkxMDI0JTIxMmk3NjglMjE0ZjEzLjElMjEzbTMlMjExbTIlMjExczB4ZDFhZDcwMjNjODljNTdmJTI1M0EweGRmOTRlNGIwNWM1MDBiMyUyMTJzQ2Fydm9laXJvJTI1MjBUb3VycyUyMTVlMCUyMTNtMiUyMTFzcHQtUFQlMjEyc3B0JTIxNHYxNzA2NjAzNzkwMDUzJTIxNW0yJTIxMXNwdC1QVCUyMTJzcHQlMjIlMjB3aWR0aCUzRCUyMjEwMCUyNSUyMiUyMGhlaWdodCUzRCUyMjQ1MCUyMiUyMHN0eWxlJTNEJTIyYm9yZGVyJTNBMCUzQiUyMiUyMGFsbG93ZnVsbHNjcmVlbiUzRCUyMiUyMiUyMGxvYWRpbmclM0QlMjJsYXp5JTIyJTIwcmVmZXJyZXJwb2xpY3klM0QlMjJuby1yZWZlcnJlci13aGVuLWRvd25ncmFkZSUyMiUzRSUzQyUyRmlmcmFtZSUzRQ==[\/vc_raw_html][\/vc_column][\/vc_row]<\/p>\n<\/div>","protected":false},"excerpt":{"rendered":"<p>[vc_row][vc_column][\/vc_column][\/vc_row][vc_row wrap_container=\u00a0\u00bbyes\u00a0\u00bb css=\u00a0\u00bb.vc_custom_1706604358069{margin-top: 50px !important;}\u00a0\u00bb conditional_render=\u00a0\u00bb%5B%7B%22value_role%22%3A%22administrator%22%7D%5D\u00a0\u00bb][vc_column width=\u00a0\u00bb1\/2&Prime;][\/vc_column][vc_column width=\u00a0\u00bb1\/2&Prime;][\/vc_column][\/vc_row][vc_row full_width=\u00a0\u00bbstretch_row\u00a0\u00bb css=\u00a0\u00bb.vc_custom_1706604223866{margin-top: 50px !important;padding-top: 25px !important;padding-bottom: 25px !important;}\u00a0\u00bb conditional_render=\u00a0\u00bb%5B%7B%22value_role%22%3A%22administrator%22%7D%5D\u00a0\u00bb][vc_column width=\u00a0\u00bb1\/2&Prime;][vc_column_text css=\u00a0\u00bb.vc_custom_1706705581311{margin-bottom: 25px !important;}\u00a0\u00bb]UTILISATION DE DONN\u00c9ES PERSONNELLES Carvoeiro Tours se compromet \u00e0 n\u2019utiliser exclusivement vos donn\u00e9es personnelles figurant sur le formulaire de contacts qu\u2019\u00e0 des finalit\u00e9s en rapport avec votre message, elle ne les utilisera pas \u00e0 d\u2019autres [&hellip;]<\/p>\n","protected":false},"author":1,"featured_media":0,"parent":0,"menu_order":0,"comment_status":"closed","ping_status":"closed","template":"","meta":{"inline_featured_image":false,"footnotes":""},"class_list":["post-783","page","type-page","status-publish","hentry"],"yoast_head":"<!-- This site is optimized with the Yoast SEO plugin v21.9.1 - https:\/\/yoast.com\/wordpress\/plugins\/seo\/ -->\n<title>Contactez-Nous - Carvoeiro Tours<\/title>\n<meta name=\"robots\" content=\"index, follow, max-snippet:-1, max-image-preview:large, max-video-preview:-1\" \/>\n<link rel=\"canonical\" href=\"https:\/\/carvoeirotours.com\/fr\/contactez-nous\/\" \/>\n<meta property=\"og:locale\" content=\"fr_FR\" \/>\n<meta property=\"og:type\" content=\"article\" \/>\n<meta property=\"og:title\" content=\"Contactez-Nous - Carvoeiro Tours\" \/>\n<meta property=\"og:description\" content=\"[vc_row][vc_column][\/vc_column][\/vc_row][vc_row wrap_container=\u00a0\u00bbyes\u00a0\u00bb css=\u00a0\u00bb.vc_custom_1706604358069{margin-top: 50px !important;}\u00a0\u00bb conditional_render=\u00a0\u00bb%5B%7B%22value_role%22%3A%22administrator%22%7D%5D\u00a0\u00bb][vc_column width=\u00a0\u00bb1\/2&Prime;][\/vc_column][vc_column width=\u00a0\u00bb1\/2&Prime;][\/vc_column][\/vc_row][vc_row full_width=\u00a0\u00bbstretch_row\u00a0\u00bb css=\u00a0\u00bb.vc_custom_1706604223866{margin-top: 50px !important;padding-top: 25px !important;padding-bottom: 25px !important;}\u00a0\u00bb conditional_render=\u00a0\u00bb%5B%7B%22value_role%22%3A%22administrator%22%7D%5D\u00a0\u00bb][vc_column width=\u00a0\u00bb1\/2&Prime;][vc_column_text css=\u00a0\u00bb.vc_custom_1706705581311{margin-bottom: 25px !important;}\u00a0\u00bb]UTILISATION DE DONN\u00c9ES PERSONNELLES Carvoeiro Tours se compromet \u00e0 n\u2019utiliser exclusivement vos donn\u00e9es personnelles figurant sur le formulaire de contacts qu\u2019\u00e0 des finalit\u00e9s en rapport avec votre message, elle ne les utilisera pas \u00e0 d\u2019autres [&hellip;]\" \/>\n<meta property=\"og:url\" content=\"https:\/\/carvoeirotours.com\/fr\/contactez-nous\/\" \/>\n<meta property=\"og:site_name\" content=\"Carvoeiro Tours\" \/>\n<meta property=\"article:publisher\" content=\"https:\/\/www.facebook.com\/carvoeirotours\/\" \/>\n<meta property=\"article:modified_time\" content=\"2024-01-31T12:53:03+00:00\" \/>\n<meta name=\"twitter:card\" content=\"summary_large_image\" \/>\n<meta name=\"twitter:label1\" content=\"Dur\u00e9e de lecture estim\u00e9e\" \/>\n\t<meta name=\"twitter:data1\" content=\"3 minutes\" \/>\n<script type=\"application\/ld+json\" class=\"yoast-schema-graph\">{\"@context\":\"https:\/\/schema.org\",\"@graph\":[{\"@type\":\"WebPage\",\"@id\":\"https:\/\/carvoeirotours.com\/fr\/contactez-nous\/\",\"url\":\"https:\/\/carvoeirotours.com\/fr\/contactez-nous\/\",\"name\":\"Contactez-Nous - Carvoeiro Tours\",\"isPartOf\":{\"@id\":\"https:\/\/carvoeirotours.com\/fr\/#website\"},\"datePublished\":\"2024-01-29T18:14:40+00:00\",\"dateModified\":\"2024-01-31T12:53:03+00:00\",\"breadcrumb\":{\"@id\":\"https:\/\/carvoeirotours.com\/fr\/contactez-nous\/#breadcrumb\"},\"inLanguage\":\"fr-FR\",\"potentialAction\":[{\"@type\":\"ReadAction\",\"target\":[\"https:\/\/carvoeirotours.com\/fr\/contactez-nous\/\"]}]},{\"@type\":\"BreadcrumbList\",\"@id\":\"https:\/\/carvoeirotours.com\/fr\/contactez-nous\/#breadcrumb\",\"itemListElement\":[{\"@type\":\"ListItem\",\"position\":1,\"name\":\"In\u00edcio\",\"item\":\"https:\/\/carvoeirotours.com\/fr\/\"},{\"@type\":\"ListItem\",\"position\":2,\"name\":\"Contactez-Nous\"}]},{\"@type\":\"WebSite\",\"@id\":\"https:\/\/carvoeirotours.com\/fr\/#website\",\"url\":\"https:\/\/carvoeirotours.com\/fr\/\",\"name\":\"Carvoeiro Tours\",\"description\":\"\",\"publisher\":{\"@id\":\"https:\/\/carvoeirotours.com\/fr\/#organization\"},\"potentialAction\":[{\"@type\":\"SearchAction\",\"target\":{\"@type\":\"EntryPoint\",\"urlTemplate\":\"https:\/\/carvoeirotours.com\/fr\/?s={search_term_string}\"},\"query-input\":\"required name=search_term_string\"}],\"inLanguage\":\"fr-FR\"},{\"@type\":[\"Organization\",\"Place\"],\"@id\":\"https:\/\/carvoeirotours.com\/fr\/#organization\",\"name\":\"Carvoeiro Tours\",\"url\":\"https:\/\/carvoeirotours.com\/fr\/\",\"logo\":{\"@id\":\"https:\/\/carvoeirotours.com\/fr\/contactez-nous\/#local-main-organization-logo\"},\"image\":{\"@id\":\"https:\/\/carvoeirotours.com\/fr\/contactez-nous\/#local-main-organization-logo\"},\"sameAs\":[\"https:\/\/www.facebook.com\/carvoeirotours\/\",\"https:\/\/www.instagram.com\/carvoeiro_tours\/\",\"https:\/\/www.tripadvisor.pt\/Attraction_Review-g189115-d17413280-Reviews-CarvoeiroTours-Carvoeiro_Faro_District_Algarve.html\"],\"openingHoursSpecification\":[{\"@type\":\"OpeningHoursSpecification\",\"dayOfWeek\":[\"Monday\",\"Tuesday\",\"Wednesday\",\"Thursday\",\"Friday\",\"Saturday\",\"Sunday\"],\"opens\":\"09:00\",\"closes\":\"17:00\"}]},{\"@type\":\"ImageObject\",\"inLanguage\":\"fr-FR\",\"@id\":\"https:\/\/carvoeirotours.com\/fr\/contactez-nous\/#local-main-organization-logo\",\"url\":\"https:\/\/carvoeirotours.com\/wp-content\/uploads\/2024\/01\/logo-footer.png\",\"contentUrl\":\"https:\/\/carvoeirotours.com\/wp-content\/uploads\/2024\/01\/logo-footer.png\",\"width\":250,\"height\":123,\"caption\":\"Carvoeiro Tours\"}]}<\/script>\n<!-- \/ Yoast SEO plugin. -->","yoast_head_json":{"title":"Contactez-Nous - Carvoeiro Tours","robots":{"index":"index","follow":"follow","max-snippet":"max-snippet:-1","max-image-preview":"max-image-preview:large","max-video-preview":"max-video-preview:-1"},"canonical":"https:\/\/carvoeirotours.com\/fr\/contactez-nous\/","og_locale":"fr_FR","og_type":"article","og_title":"Contactez-Nous - Carvoeiro Tours","og_description":"[vc_row][vc_column][\/vc_column][\/vc_row][vc_row wrap_container=\u00a0\u00bbyes\u00a0\u00bb css=\u00a0\u00bb.vc_custom_1706604358069{margin-top: 50px !important;}\u00a0\u00bb conditional_render=\u00a0\u00bb%5B%7B%22value_role%22%3A%22administrator%22%7D%5D\u00a0\u00bb][vc_column width=\u00a0\u00bb1\/2&Prime;][\/vc_column][vc_column width=\u00a0\u00bb1\/2&Prime;][\/vc_column][\/vc_row][vc_row full_width=\u00a0\u00bbstretch_row\u00a0\u00bb css=\u00a0\u00bb.vc_custom_1706604223866{margin-top: 50px !important;padding-top: 25px !important;padding-bottom: 25px !important;}\u00a0\u00bb conditional_render=\u00a0\u00bb%5B%7B%22value_role%22%3A%22administrator%22%7D%5D\u00a0\u00bb][vc_column width=\u00a0\u00bb1\/2&Prime;][vc_column_text css=\u00a0\u00bb.vc_custom_1706705581311{margin-bottom: 25px !important;}\u00a0\u00bb]UTILISATION DE DONN\u00c9ES PERSONNELLES Carvoeiro Tours se compromet \u00e0 n\u2019utiliser exclusivement vos donn\u00e9es personnelles figurant sur le formulaire de contacts qu\u2019\u00e0 des finalit\u00e9s en rapport avec votre message, elle ne les utilisera pas \u00e0 d\u2019autres [&hellip;]","og_url":"https:\/\/carvoeirotours.com\/fr\/contactez-nous\/","og_site_name":"Carvoeiro Tours","article_publisher":"https:\/\/www.facebook.com\/carvoeirotours\/","article_modified_time":"2024-01-31T12:53:03+00:00","twitter_card":"summary_large_image","twitter_misc":{"Dur\u00e9e de lecture estim\u00e9e":"3 minutes"},"schema":{"@context":"https:\/\/schema.org","@graph":[{"@type":"WebPage","@id":"https:\/\/carvoeirotours.com\/fr\/contactez-nous\/","url":"https:\/\/carvoeirotours.com\/fr\/contactez-nous\/","name":"Contactez-Nous - Carvoeiro Tours","isPartOf":{"@id":"https:\/\/carvoeirotours.com\/fr\/#website"},"datePublished":"2024-01-29T18:14:40+00:00","dateModified":"2024-01-31T12:53:03+00:00","breadcrumb":{"@id":"https:\/\/carvoeirotours.com\/fr\/contactez-nous\/#breadcrumb"},"inLanguage":"fr-FR","potentialAction":[{"@type":"ReadAction","target":["https:\/\/carvoeirotours.com\/fr\/contactez-nous\/"]}]},{"@type":"BreadcrumbList","@id":"https:\/\/carvoeirotours.com\/fr\/contactez-nous\/#breadcrumb","itemListElement":[{"@type":"ListItem","position":1,"name":"In\u00edcio","item":"https:\/\/carvoeirotours.com\/fr\/"},{"@type":"ListItem","position":2,"name":"Contactez-Nous"}]},{"@type":"WebSite","@id":"https:\/\/carvoeirotours.com\/fr\/#website","url":"https:\/\/carvoeirotours.com\/fr\/","name":"Carvoeiro Tours","description":"","publisher":{"@id":"https:\/\/carvoeirotours.com\/fr\/#organization"},"potentialAction":[{"@type":"SearchAction","target":{"@type":"EntryPoint","urlTemplate":"https:\/\/carvoeirotours.com\/fr\/?s={search_term_string}"},"query-input":"required name=search_term_string"}],"inLanguage":"fr-FR"},{"@type":["Organization","Place"],"@id":"https:\/\/carvoeirotours.com\/fr\/#organization","name":"Carvoeiro Tours","url":"https:\/\/carvoeirotours.com\/fr\/","logo":{"@id":"https:\/\/carvoeirotours.com\/fr\/contactez-nous\/#local-main-organization-logo"},"image":{"@id":"https:\/\/carvoeirotours.com\/fr\/contactez-nous\/#local-main-organization-logo"},"sameAs":["https:\/\/www.facebook.com\/carvoeirotours\/","https:\/\/www.instagram.com\/carvoeiro_tours\/","https:\/\/www.tripadvisor.pt\/Attraction_Review-g189115-d17413280-Reviews-CarvoeiroTours-Carvoeiro_Faro_District_Algarve.html"],"openingHoursSpecification":[{"@type":"OpeningHoursSpecification","dayOfWeek":["Monday","Tuesday","Wednesday","Thursday","Friday","Saturday","Sunday"],"opens":"09:00","closes":"17:00"}]},{"@type":"ImageObject","inLanguage":"fr-FR","@id":"https:\/\/carvoeirotours.com\/fr\/contactez-nous\/#local-main-organization-logo","url":"https:\/\/carvoeirotours.com\/wp-content\/uploads\/2024\/01\/logo-footer.png","contentUrl":"https:\/\/carvoeirotours.com\/wp-content\/uploads\/2024\/01\/logo-footer.png","width":250,"height":123,"caption":"Carvoeiro Tours"}]}},"_links":{"self":[{"href":"https:\/\/carvoeirotours.com\/fr\/wp-json\/wp\/v2\/pages\/783","targetHints":{"allow":["GET"]}}],"collection":[{"href":"https:\/\/carvoeirotours.com\/fr\/wp-json\/wp\/v2\/pages"}],"about":[{"href":"https:\/\/carvoeirotours.com\/fr\/wp-json\/wp\/v2\/types\/page"}],"author":[{"embeddable":true,"href":"https:\/\/carvoeirotours.com\/fr\/wp-json\/wp\/v2\/users\/1"}],"replies":[{"embeddable":true,"href":"https:\/\/carvoeirotours.com\/fr\/wp-json\/wp\/v2\/comments?post=783"}],"version-history":[{"count":0,"href":"https:\/\/carvoeirotours.com\/fr\/wp-json\/wp\/v2\/pages\/783\/revisions"}],"wp:attachment":[{"href":"https:\/\/carvoeirotours.com\/fr\/wp-json\/wp\/v2\/media?parent=783"}],"curies":[{"name":"wp","href":"https:\/\/api.w.org\/{rel}","templated":true}]}}