{"id":991,"date":"2024-01-29T09:54:32","date_gmt":"2024-01-29T09:54:32","guid":{"rendered":"https:\/\/carvoeirotours.com\/?page_id=991"},"modified":"2024-04-02T10:41:22","modified_gmt":"2024-04-02T10:41:22","slug":"politique-de-confidentialite","status":"publish","type":"page","link":"https:\/\/carvoeirotours.com\/fr\/politique-de-confidentialite\/","title":{"rendered":"Politique de confidentialit\u00e9"},"content":{"rendered":"<h1>Politique de confidentialit\u00e9<\/h1>\n<p>\u00c0 travers cette page, Carvoeiro Tours souhaite fournir toutes les informations relatives au traitement des donn\u00e9es personnelles qu&rsquo;elle effectue dans le cadre de son activit\u00e9 commerciale et qui peuvent concerner les donn\u00e9es relatives \u00e0 ses clients.<\/p>\n<p>L&rsquo;objectif de cette Politique de protection des donn\u00e9es personnelles est donc de vous expliquer quelles donn\u00e9es personnelles nous collectons vous concernant, comment elles sont utilis\u00e9es, \u00e0 qui nous les transmettons et dans quelles conditions, ainsi que les m\u00e9canismes que nous utilisons pour garantir la s\u00e9curit\u00e9 et la confidentialit\u00e9 de vos donn\u00e9es personnelles.<\/p>\n<p>Nous nous engageons \u00e0 garantir que les donn\u00e9es personnelles de toutes les personnes qui interagissent avec Carvoeiro Tours de quelque mani\u00e8re que ce soit, y compris les v\u00f4tres, seront trait\u00e9es conform\u00e9ment aux meilleures pratiques en mati\u00e8re de s\u00e9curit\u00e9 et de protection des donn\u00e9es.<\/p>\n<p>La lecture de ce document est donc d&rsquo;une importance capitale pour que vous compreniez comment nous traitons vos donn\u00e9es et quels sont vos droits en tant que personne concern\u00e9e. Si vous avez des questions, n&rsquo;h\u00e9sitez pas \u00e0 nous demander des \u00e9claircissements en contactant notre service client.<\/p>\n<p>La Politique de protection des donn\u00e9es personnelles, ainsi que notre Politique en mati\u00e8re de cookies, s&rsquo;int\u00e8gre et est soumise aux Conditions g\u00e9n\u00e9rales d&rsquo;utilisation.<\/p>\n<p>En acc\u00e9dant, en naviguant ou en utilisant ce site Web, vous confirmez avoir lu, compris et accept\u00e9 tout le contenu reproduit ici dans l&rsquo;Avis juridique, la Politique de protection des donn\u00e9es personnelles et la Politique des conditions d&rsquo;utilisation.<\/p>\n<h2>Responsable du traitement des donn\u00e9es<\/h2>\n<p>Carvoeiro Tours, repr\u00e9sent\u00e9 par le propri\u00e9taire de ce site web, Ricardo Vicente, est responsable du traitement de vos donn\u00e9es dans le cadre de la relation commerciale \u00e9tablie.<\/p>\n<h2>D\u00e9l\u00e9gu\u00e9 \u00e0 la protection des donn\u00e9es<\/h2>\n<p>Pour obtenir toute clarification concernant cette Politique de confidentialit\u00e9 ou pour obtenir des informations concernant le traitement de vos donn\u00e9es, vous pouvez contacter le service client par ses moyens de contact.<\/p>\n<h2>Comment nous collectons des donn\u00e9es personnelles<\/h2>\n<p>Les donn\u00e9es que nous traitons peuvent \u00eatre directement fournies par vous dans le cadre de la relation commerciale \u00e9tablie, telles que (par exemple, nom, adresse, \u00e2ge, adresse e-mail et contact t\u00e9l\u00e9phonique).<\/p>\n<p>Nous pouvons \u00e9galement collecter des donn\u00e9es personnelles aupr\u00e8s de clients potentiels (par exemple, nom, adresse, \u00e2ge, adresse e-mail et contact t\u00e9l\u00e9phonique) par le biais de diverses sources, telles que dans le cadre de campagnes promotionnelles, via notre stand de vente Carvoeiro Tours, ainsi que sur les r\u00e9seaux sociaux.<\/p>\n<h2>\u00c0 quelles fins et sur quelle base nous traitons les donn\u00e9es personnelles<\/h2>\n<p>Le responsable du traitement ne traite vos donn\u00e9es personnelles que lorsqu&rsquo;il existe une base l\u00e9gale pour le traitement.<\/p>\n<h3>LES DONN\u00c9ES PEUVENT \u00caTRE TRAIT\u00c9ES PAR LA PERSONNE CONCERN\u00c9E DANS LES CIRCONSTANCES SUIVANTES :<\/h3>\n<ul>\n<li>Pour la r\u00e9alisation d&rsquo;un achat ou d&rsquo;une commande sur la base de votre consentement pr\u00e9alable, explicite, \u00e9crit ou par le biais d&rsquo;une action explicite, inform\u00e9e, libre et pour des finalit\u00e9s sp\u00e9cifiques ;<\/li>\n<li>Lorsque le traitement est n\u00e9cessaire pour l&rsquo;ex\u00e9cution des diverses obligations l\u00e9gales nationales et europ\u00e9ennes auxquelles la personne concern\u00e9e est soumise ;<\/li>\n<\/ul>\n<h3>QUELLES DONN\u00c9ES PERSONNELLES NOUS TRAITONS<\/h3>\n<p>Afin que vous compreniez quelles donn\u00e9es personnelles nous traitons, il est important de garder \u00e0 l&rsquo;esprit que les donn\u00e9es personnelles sont toutes les informations vous concernant qui vous permettent d&rsquo;\u00eatre identifi\u00e9, directement ou indirectement (par exemple, nom, num\u00e9ro d&rsquo;identification civil ou fiscal, donn\u00e9es de localisation ou coordonn\u00e9es de contact).<\/p>\n<p>Nous pouvons donc traiter des donn\u00e9es personnelles qui r\u00e9sultent d&rsquo;une demande de r\u00e9servation sur notre site Web.<\/p>\n<p>Nous traitons \u00e9galement des donn\u00e9es personnelles lorsque vous interagissez avec nous, par exemple, lorsque vous visitez notre site Web ou nos applications mobiles, lorsque vous nous contactez par t\u00e9l\u00e9phone ou lorsque vous visitez notre magasin physique ou que vous nous interrogez sur l&rsquo;un de nos produits ou services.<\/p>\n<h3>QUELLES DONN\u00c9ES PERSONNELLES NOUS PARTAGEONS ET AVEC QUI<\/h3>\n<p>Carvoeiro Tours ne partage pas vos donn\u00e9es avec des tiers sauf pour l&rsquo;ex\u00e9cution des diverses obligations l\u00e9gales nationales et europ\u00e9ennes auxquelles la personne concern\u00e9e est soumise.<\/p>\n<p>Notre site Web peut contenir des liens vers d&rsquo;autres sites Web, donc nous ne sommes pas responsables des politiques de protection des donn\u00e9es, du contenu ou de la s\u00e9curit\u00e9 utilis\u00e9s par d&rsquo;autres sites Web, qui ne sont pas r\u00e9gis par notre Politique de protection des donn\u00e9es personnelles. Ainsi, Carvoeiro Tours d\u00e9cline toute responsabilit\u00e9 pour ce partage d&rsquo;informations.<\/p>\n<h3>COMBIEN DE TEMPS LES DONN\u00c9ES PERSONNELLES SERONT-ELLES CONSERV\u00c9ES<\/h3>\n<p>Carvoeiro Tours traitera et conservera vos donn\u00e9es uniquement dans la mesure n\u00e9cessaire, compte tenu de la relation commerciale \u00e9tablie avec le client\/utilisateur et des obligations l\u00e9gales auxquelles la personne concern\u00e9e peut \u00eatre soumise.<\/p>\n<p>Dans ce cadre, les p\u00e9riodes de conservation de vos donn\u00e9es sont limit\u00e9es au strict minimum, \u00e9tant conserv\u00e9es uniquement pour les p\u00e9riodes n\u00e9cessaires aux finalit\u00e9s pour lesquelles elles sont collect\u00e9es et trait\u00e9es, ainsi que pour remplir les obligations l\u00e9gales et r\u00e9glementaires applicables \u00e0 la personne concern\u00e9e.<\/p>\n<p>Cependant, une fois la relation commerciale avec Carvoeiro Tours termin\u00e9e, vos donn\u00e9es personnelles ne seront plus trait\u00e9es \u00e0 des fins commerciales ou de marketing.<\/p>\n<h3>LES DROITS DES PERSONNES CONCERN\u00c9ES PAR LES DONN\u00c9ES PERSONNELLES ET COMMENT ILS PEUVENT \u00caTRE EXERC\u00c9S<\/h3>\n<p>En tant que titulaire des donn\u00e9es personnelles trait\u00e9es par Carvoeiro Tours, vous avez les droits suivants :<\/p>\n<ul>\n<li>Le droit d&rsquo;acc\u00e9der aux informations que nous d\u00e9tenons \u00e0 votre sujet et d&rsquo;obtenir des informations sur la mani\u00e8re dont nous les traitons ;<\/li>\n<li>Le droit de demander la rectification de vos donn\u00e9es lorsqu&rsquo;elles sont incorrectes ou obsol\u00e8tes ;<\/li>\n<li>Le droit de supprimer (ou le droit d&rsquo;\u00eatre \u00ab\u00a0oubli\u00e9\u00a0\u00bb) vos donn\u00e9es personnelles lorsqu&rsquo;elles ne sont plus utilis\u00e9es aux fins pour lesquelles elles ont \u00e9t\u00e9 collect\u00e9es. Cependant, vous \u00eates<\/li>\n<\/ul>\n","protected":false},"excerpt":{"rendered":"<p>Politique de confidentialit\u00e9 \u00c0 travers cette page, Carvoeiro Tours souhaite fournir toutes les informations relatives au traitement des donn\u00e9es personnelles qu&rsquo;elle effectue dans le cadre de son activit\u00e9 commerciale et qui peuvent concerner les donn\u00e9es relatives \u00e0 ses clients. L&rsquo;objectif de cette Politique de protection des donn\u00e9es personnelles est donc de vous expliquer quelles donn\u00e9es [&hellip;]<\/p>\n","protected":false},"author":1,"featured_media":0,"parent":0,"menu_order":0,"comment_status":"closed","ping_status":"closed","template":"","meta":{"inline_featured_image":false,"footnotes":""},"class_list":["post-991","page","type-page","status-publish","hentry"],"yoast_head":"<!-- This site is optimized with the Yoast SEO plugin v21.9.1 - https:\/\/yoast.com\/wordpress\/plugins\/seo\/ -->\n<title>Politique de confidentialit\u00e9 - Carvoeiro Tours<\/title>\n<meta name=\"robots\" content=\"index, follow, max-snippet:-1, max-image-preview:large, max-video-preview:-1\" \/>\n<link rel=\"canonical\" href=\"https:\/\/carvoeirotours.com\/fr\/politique-de-confidentialite\/\" \/>\n<meta property=\"og:locale\" content=\"fr_FR\" \/>\n<meta property=\"og:type\" content=\"article\" \/>\n<meta property=\"og:title\" content=\"Politique de confidentialit\u00e9 - Carvoeiro Tours\" \/>\n<meta property=\"og:description\" content=\"Politique de confidentialit\u00e9 \u00c0 travers cette page, Carvoeiro Tours souhaite fournir toutes les informations relatives au traitement des donn\u00e9es personnelles qu&rsquo;elle effectue dans le cadre de son activit\u00e9 commerciale et qui peuvent concerner les donn\u00e9es relatives \u00e0 ses clients. L&rsquo;objectif de cette Politique de protection des donn\u00e9es personnelles est donc de vous expliquer quelles donn\u00e9es [&hellip;]\" \/>\n<meta property=\"og:url\" content=\"https:\/\/carvoeirotours.com\/fr\/politique-de-confidentialite\/\" \/>\n<meta property=\"og:site_name\" content=\"Carvoeiro Tours\" \/>\n<meta property=\"article:publisher\" content=\"https:\/\/www.facebook.com\/carvoeirotours\/\" \/>\n<meta property=\"article:modified_time\" content=\"2024-04-02T10:41:22+00:00\" \/>\n<meta name=\"twitter:card\" content=\"summary_large_image\" \/>\n<meta name=\"twitter:label1\" content=\"Dur\u00e9e de lecture estim\u00e9e\" \/>\n\t<meta name=\"twitter:data1\" content=\"5 minutes\" \/>\n<script type=\"application\/ld+json\" class=\"yoast-schema-graph\">{\"@context\":\"https:\/\/schema.org\",\"@graph\":[{\"@type\":\"WebPage\",\"@id\":\"https:\/\/carvoeirotours.com\/fr\/politique-de-confidentialite\/\",\"url\":\"https:\/\/carvoeirotours.com\/fr\/politique-de-confidentialite\/\",\"name\":\"Politique de confidentialit\u00e9 - Carvoeiro Tours\",\"isPartOf\":{\"@id\":\"https:\/\/carvoeirotours.com\/fr\/#website\"},\"datePublished\":\"2024-01-29T09:54:32+00:00\",\"dateModified\":\"2024-04-02T10:41:22+00:00\",\"breadcrumb\":{\"@id\":\"https:\/\/carvoeirotours.com\/fr\/politique-de-confidentialite\/#breadcrumb\"},\"inLanguage\":\"fr-FR\",\"potentialAction\":[{\"@type\":\"ReadAction\",\"target\":[\"https:\/\/carvoeirotours.com\/fr\/politique-de-confidentialite\/\"]}]},{\"@type\":\"BreadcrumbList\",\"@id\":\"https:\/\/carvoeirotours.com\/fr\/politique-de-confidentialite\/#breadcrumb\",\"itemListElement\":[{\"@type\":\"ListItem\",\"position\":1,\"name\":\"In\u00edcio\",\"item\":\"https:\/\/carvoeirotours.com\/fr\/\"},{\"@type\":\"ListItem\",\"position\":2,\"name\":\"Politique de confidentialit\u00e9\"}]},{\"@type\":\"WebSite\",\"@id\":\"https:\/\/carvoeirotours.com\/fr\/#website\",\"url\":\"https:\/\/carvoeirotours.com\/fr\/\",\"name\":\"Carvoeiro Tours\",\"description\":\"\",\"publisher\":{\"@id\":\"https:\/\/carvoeirotours.com\/fr\/#organization\"},\"potentialAction\":[{\"@type\":\"SearchAction\",\"target\":{\"@type\":\"EntryPoint\",\"urlTemplate\":\"https:\/\/carvoeirotours.com\/fr\/?s={search_term_string}\"},\"query-input\":\"required name=search_term_string\"}],\"inLanguage\":\"fr-FR\"},{\"@type\":[\"Organization\",\"Place\"],\"@id\":\"https:\/\/carvoeirotours.com\/fr\/#organization\",\"name\":\"Carvoeiro Tours\",\"url\":\"https:\/\/carvoeirotours.com\/fr\/\",\"logo\":{\"@id\":\"https:\/\/carvoeirotours.com\/fr\/politique-de-confidentialite\/#local-main-organization-logo\"},\"image\":{\"@id\":\"https:\/\/carvoeirotours.com\/fr\/politique-de-confidentialite\/#local-main-organization-logo\"},\"sameAs\":[\"https:\/\/www.facebook.com\/carvoeirotours\/\",\"https:\/\/www.instagram.com\/carvoeiro_tours\/\",\"https:\/\/www.tripadvisor.pt\/Attraction_Review-g189115-d17413280-Reviews-CarvoeiroTours-Carvoeiro_Faro_District_Algarve.html\"],\"openingHoursSpecification\":[{\"@type\":\"OpeningHoursSpecification\",\"dayOfWeek\":[\"Monday\",\"Tuesday\",\"Wednesday\",\"Thursday\",\"Friday\",\"Saturday\",\"Sunday\"],\"opens\":\"09:00\",\"closes\":\"17:00\"}]},{\"@type\":\"ImageObject\",\"inLanguage\":\"fr-FR\",\"@id\":\"https:\/\/carvoeirotours.com\/fr\/politique-de-confidentialite\/#local-main-organization-logo\",\"url\":\"https:\/\/carvoeirotours.com\/wp-content\/uploads\/2024\/01\/logo-footer.png\",\"contentUrl\":\"https:\/\/carvoeirotours.com\/wp-content\/uploads\/2024\/01\/logo-footer.png\",\"width\":250,\"height\":123,\"caption\":\"Carvoeiro Tours\"}]}<\/script>\n<!-- \/ Yoast SEO plugin. -->","yoast_head_json":{"title":"Politique de confidentialit\u00e9 - Carvoeiro Tours","robots":{"index":"index","follow":"follow","max-snippet":"max-snippet:-1","max-image-preview":"max-image-preview:large","max-video-preview":"max-video-preview:-1"},"canonical":"https:\/\/carvoeirotours.com\/fr\/politique-de-confidentialite\/","og_locale":"fr_FR","og_type":"article","og_title":"Politique de confidentialit\u00e9 - Carvoeiro Tours","og_description":"Politique de confidentialit\u00e9 \u00c0 travers cette page, Carvoeiro Tours souhaite fournir toutes les informations relatives au traitement des donn\u00e9es personnelles qu&rsquo;elle effectue dans le cadre de son activit\u00e9 commerciale et qui peuvent concerner les donn\u00e9es relatives \u00e0 ses clients. L&rsquo;objectif de cette Politique de protection des donn\u00e9es personnelles est donc de vous expliquer quelles donn\u00e9es [&hellip;]","og_url":"https:\/\/carvoeirotours.com\/fr\/politique-de-confidentialite\/","og_site_name":"Carvoeiro Tours","article_publisher":"https:\/\/www.facebook.com\/carvoeirotours\/","article_modified_time":"2024-04-02T10:41:22+00:00","twitter_card":"summary_large_image","twitter_misc":{"Dur\u00e9e de lecture estim\u00e9e":"5 minutes"},"schema":{"@context":"https:\/\/schema.org","@graph":[{"@type":"WebPage","@id":"https:\/\/carvoeirotours.com\/fr\/politique-de-confidentialite\/","url":"https:\/\/carvoeirotours.com\/fr\/politique-de-confidentialite\/","name":"Politique de confidentialit\u00e9 - Carvoeiro Tours","isPartOf":{"@id":"https:\/\/carvoeirotours.com\/fr\/#website"},"datePublished":"2024-01-29T09:54:32+00:00","dateModified":"2024-04-02T10:41:22+00:00","breadcrumb":{"@id":"https:\/\/carvoeirotours.com\/fr\/politique-de-confidentialite\/#breadcrumb"},"inLanguage":"fr-FR","potentialAction":[{"@type":"ReadAction","target":["https:\/\/carvoeirotours.com\/fr\/politique-de-confidentialite\/"]}]},{"@type":"BreadcrumbList","@id":"https:\/\/carvoeirotours.com\/fr\/politique-de-confidentialite\/#breadcrumb","itemListElement":[{"@type":"ListItem","position":1,"name":"In\u00edcio","item":"https:\/\/carvoeirotours.com\/fr\/"},{"@type":"ListItem","position":2,"name":"Politique de confidentialit\u00e9"}]},{"@type":"WebSite","@id":"https:\/\/carvoeirotours.com\/fr\/#website","url":"https:\/\/carvoeirotours.com\/fr\/","name":"Carvoeiro Tours","description":"","publisher":{"@id":"https:\/\/carvoeirotours.com\/fr\/#organization"},"potentialAction":[{"@type":"SearchAction","target":{"@type":"EntryPoint","urlTemplate":"https:\/\/carvoeirotours.com\/fr\/?s={search_term_string}"},"query-input":"required name=search_term_string"}],"inLanguage":"fr-FR"},{"@type":["Organization","Place"],"@id":"https:\/\/carvoeirotours.com\/fr\/#organization","name":"Carvoeiro Tours","url":"https:\/\/carvoeirotours.com\/fr\/","logo":{"@id":"https:\/\/carvoeirotours.com\/fr\/politique-de-confidentialite\/#local-main-organization-logo"},"image":{"@id":"https:\/\/carvoeirotours.com\/fr\/politique-de-confidentialite\/#local-main-organization-logo"},"sameAs":["https:\/\/www.facebook.com\/carvoeirotours\/","https:\/\/www.instagram.com\/carvoeiro_tours\/","https:\/\/www.tripadvisor.pt\/Attraction_Review-g189115-d17413280-Reviews-CarvoeiroTours-Carvoeiro_Faro_District_Algarve.html"],"openingHoursSpecification":[{"@type":"OpeningHoursSpecification","dayOfWeek":["Monday","Tuesday","Wednesday","Thursday","Friday","Saturday","Sunday"],"opens":"09:00","closes":"17:00"}]},{"@type":"ImageObject","inLanguage":"fr-FR","@id":"https:\/\/carvoeirotours.com\/fr\/politique-de-confidentialite\/#local-main-organization-logo","url":"https:\/\/carvoeirotours.com\/wp-content\/uploads\/2024\/01\/logo-footer.png","contentUrl":"https:\/\/carvoeirotours.com\/wp-content\/uploads\/2024\/01\/logo-footer.png","width":250,"height":123,"caption":"Carvoeiro Tours"}]}},"_links":{"self":[{"href":"https:\/\/carvoeirotours.com\/fr\/wp-json\/wp\/v2\/pages\/991","targetHints":{"allow":["GET"]}}],"collection":[{"href":"https:\/\/carvoeirotours.com\/fr\/wp-json\/wp\/v2\/pages"}],"about":[{"href":"https:\/\/carvoeirotours.com\/fr\/wp-json\/wp\/v2\/types\/page"}],"author":[{"embeddable":true,"href":"https:\/\/carvoeirotours.com\/fr\/wp-json\/wp\/v2\/users\/1"}],"replies":[{"embeddable":true,"href":"https:\/\/carvoeirotours.com\/fr\/wp-json\/wp\/v2\/comments?post=991"}],"version-history":[{"count":1,"href":"https:\/\/carvoeirotours.com\/fr\/wp-json\/wp\/v2\/pages\/991\/revisions"}],"predecessor-version":[{"id":992,"href":"https:\/\/carvoeirotours.com\/fr\/wp-json\/wp\/v2\/pages\/991\/revisions\/992"}],"wp:attachment":[{"href":"https:\/\/carvoeirotours.com\/fr\/wp-json\/wp\/v2\/media?parent=991"}],"curies":[{"name":"wp","href":"https:\/\/api.w.org\/{rel}","templated":true}]}}